{"id":9614,"date":"2024-11-12T15:06:19","date_gmt":"2024-11-12T15:06:19","guid":{"rendered":"https:\/\/designcenterguatemala.com\/centro-de-negocios-guatemala\/?page_id=9614"},"modified":"2024-11-13T23:55:06","modified_gmt":"2024-11-13T23:55:06","slug":"casas-de-jengibre-2024-categoria-adultos","status":"publish","type":"page","link":"https:\/\/designcenterguatemala.com\/centro-de-negocios-guatemala\/casas-de-jengibre-2024-categoria-adultos\/","title":{"rendered":"Casas de Jengibre 2024 &#8211; Categor\u00eda Adultos"},"content":{"rendered":"<p>[vc_row][vc_column][vc_custom_heading text=\u00bbCasas de Jengibre 2024&#8243; font_container=\u00bbtag:h1|font_size:28|text_align:center\u00bb google_fonts=\u00bbfont_family:Montserrat%3Aregular%2C700|font_style:700%20bold%20regular%3A700%3Anormal\u00bb][vc_column_text]<\/p>\n<h2 style=\"text-align: center;\"><span style=\"color: #a30a0a;\"><strong>Design Center<\/strong><\/span><\/h2>\n<h1 style=\"text-align: center;\"><strong>Concurso navide\u00f1o de Casas de Jengibre 2024<\/strong><\/h1>\n<p>[\/vc_column_text][vc_column_text]<\/p>\n<p>[\/vc_column_text][\/vc_column][\/vc_row][vc_row][vc_column width=\u00bb1\/2&#8243;][vc_column_text]<\/p>\n<h2 style=\"text-align: center;\"><span style=\"color: #000000;\"><strong>Reglamento | Categor\u00eda ADULTOS:<\/strong><\/span><\/h2>\n<p>&nbsp;<\/p>\n<p><span style=\"font-weight: 400; color: #000000;\">Categor\u00eda adultos:<\/span><\/p>\n<ul>\n<li style=\"font-weight: 400;\" aria-level=\"1\"><span style=\"color: #000000;\"><span style=\"font-weight: 400;\">Todos los participantes podr\u00e1n inscribirse del 11 de noviembre hasta el 6 de diciembre en l\u00ednea utilizando el formato creado en la p\u00e1gina web <\/span><a style=\"color: #000000;\" href=\"http:\/\/www.designcenterguatemala.com\"><span style=\"font-weight: 400;\">www.designcenterguatemala.com<\/span><\/a><span style=\"font-weight: 400;\">.\u00a0 Si necesita m\u00e1s informaci\u00f3n puede comunicarse a las oficinas administrativas de Design Center, Oficina 303, Torre 2. Tel\u00e9fono 2261 8811.<\/span><\/span><\/li>\n<li style=\"font-weight: 400;\" aria-level=\"1\"><span style=\"font-weight: 400; color: #000000;\">El tema de la exposici\u00f3n es estrictamente de motivos navide\u00f1os, se podr\u00e1n presentar dise\u00f1os de casas, palacios, u otros siempre que cumplan con motivos navide\u00f1os.<\/span><\/li>\n<li style=\"font-weight: 400;\" aria-level=\"1\"><span style=\"font-weight: 400; color: #000000;\">Las casas ser\u00e1n armadas fuera de las instalaciones de Design Center.\u00a0 Solo se permitir\u00e1 terminar la decoraci\u00f3n y\/o armado de la casa en el lugar de la exposici\u00f3n el lunes 9 de diciembre por la ma\u00f1ana. La hora m\u00e1xima de instalaci\u00f3n es a las 12:00PM. Se les otorgar\u00e1 un parqueo de cortes\u00eda.<\/span><\/li>\n<li style=\"font-weight: 400;\" aria-level=\"1\"><span style=\"font-weight: 400; color: #000000;\">Cada una de las casas participantes dispondr\u00e1 de un pedestal de exposici\u00f3n con una base de 40 cm x 40 cm, el cual tendr\u00e1 una cubierta de acr\u00edlico de 55 cm de alto. Las medidas de las casas deben de ser menores a estos par\u00e1metros. Las casas deber\u00e1n permanecer expuestas del 9 de diciembre al 20 de diciembre. La premiaci\u00f3n ser\u00e1 el s\u00e1bado 21 de diciembre y despu\u00e9s de la misma pueden retirar la casa concursante.<\/span><\/li>\n<li style=\"font-weight: 400;\" aria-level=\"1\"><span style=\"font-weight: 400; color: #000000;\">Los participantes deber\u00e1n dar el mantenimiento requerido a sus propuestas, en caso tengan deterioro por el paso del tiempo.<\/span><\/li>\n<li style=\"font-weight: 400;\" aria-level=\"1\"><span style=\"color: #000000;\"><span style=\"font-weight: 400;\">Un m\u00ednimo de 90% de la casa deber\u00e1 ser comestible. Es un <\/span><b>requisito <\/b><span style=\"font-weight: 400;\">entregar una lista detallada de los materiales usados y una breve descripci\u00f3n de la casa presentada. Si a juicio de los jueces la casa no cumple con el 90% de materiales comestibles quedar\u00e1 descalificada.<\/span><\/span><\/li>\n<li style=\"font-weight: 400;\" aria-level=\"1\"><span style=\"font-weight: 400; color: #000000;\">Uno de los criterios de evaluaci\u00f3n es la exposici\u00f3n remota, por lo que cada participante debe de enviar un video de un m\u00e1ximo de 30 segundos de duraci\u00f3n mostrando la fabricaci\u00f3n y la casa terminada para publicar en redes sociales.<\/span><\/li>\n<\/ul>\n<p><span style=\"color: #000000;\"><strong>ASPECTOS A CALIFICAR:<\/strong><\/span><\/p>\n<p><span style=\"color: #000000;\"><strong>Los criterios a evaluar son los siguientes:<\/strong><\/span><\/p>\n<ul>\n<li><span style=\"font-weight: 400; color: #000000;\">T\u00e9cnica 25 puntos<\/span><\/li>\n<li><span style=\"font-weight: 400; color: #000000;\">Creatividad 25 puntos<\/span><\/li>\n<li><span style=\"font-weight: 400; color: #000000;\">Presentaci\u00f3n 25 puntos<\/span><\/li>\n<li><span style=\"font-weight: 400; color: #000000;\">Uso de otras tecnolog\u00edas (iluminaci\u00f3n, agua, etc.) 15 puntos<\/span><\/li>\n<\/ul>\n<p><span style=\"color: #000000;\">____________________________________________________<\/span><\/p>\n<ul>\n<li><span style=\"font-weight: 400; color: #000000;\">Reacci\u00f3n en redes sociales (likes obtenidos) 10 puntos<\/span><\/li>\n<li><span style=\"font-weight: 400; color: #000000;\">Se premiar\u00e1n los primeros dos lugares, as\u00ed: primer lugar Q.10,000 y segundo lugar Q.5,000.<\/span><\/li>\n<li style=\"font-weight: 400;\" aria-level=\"1\"><span style=\"font-weight: 400; color: #000000;\">El costo de inscripci\u00f3n es de Q.200.00. El pago de la inscripci\u00f3n otorga el derecho de participar y el derecho de uso de pedestal cubierto para exponer. As\u00ed mismo, el pago de la inscripci\u00f3n implica la aceptaci\u00f3n de estas bases y otorga la autorizaci\u00f3n expresa a Design Center para utilizar las fotograf\u00edas de las casas para efectos de promoci\u00f3n y\/o publicidad.<\/span><\/li>\n<li style=\"font-weight: 400;\" aria-level=\"1\"><span style=\"font-weight: 400; color: #000000;\">Las decisiones de los jueces son INAPELABLES.<\/span><\/li>\n<\/ul>\n<p>[\/vc_column_text][\/vc_column][vc_column width=\u00bb1\/2&#8243;]<div class=\"rd_img_gallery_ctn clearfix\" style=\"margin:0px auto 0px;\"><div class=\"ig_col_1 \"><img width=\"1080\" height=\"1080\" src=\"https:\/\/designcenterguatemala.com\/centro-de-negocios-guatemala\/wp-content\/uploads\/2024\/11\/designcenter-image-2024.jpg\" class=\"attachment-full\" alt=\"\" decoding=\"async\" loading=\"lazy\" srcset=\"https:\/\/designcenterguatemala.com\/centro-de-negocios-guatemala\/wp-content\/uploads\/2024\/11\/designcenter-image-2024.jpg 1080w, https:\/\/designcenterguatemala.com\/centro-de-negocios-guatemala\/wp-content\/uploads\/2024\/11\/designcenter-image-2024-768x768.jpg 768w, https:\/\/designcenterguatemala.com\/centro-de-negocios-guatemala\/wp-content\/uploads\/2024\/11\/designcenter-image-2024-570x570.jpg 570w, https:\/\/designcenterguatemala.com\/centro-de-negocios-guatemala\/wp-content\/uploads\/2024\/11\/designcenter-image-2024-300x300.jpg 300w\" sizes=\"(max-width: 1080px) 100vw, 1080px\" \/><\/div><\/div><style>#b_yje91cy1mnyc3cvb30lv a{color:; background:; margin-top:0px; margin-bottom:0px;  margin-left:0px; margin-right:0px; font-weight:900; border-radius:0px;}#b_yje91cy1mnyc3cvb30lv a:hover{color: ; background: ;}<\/style><div class=\"ta_center tf_btn_pos\" id=\"b_yje91cy1mnyc3cvb30lv\" ><a class=\"rd_normal_bt medium_rd_bt bt_icon_left   \" href=\"https:\/\/forms.gle\/QSQKSheKoHDuUsig7\" target=\"yes\" ><i class=\"fa-file-text-o\" ><\/i><span>Ingresar al formulario<\/span><\/a><\/div><style> @font-face{font-family: 'fa'; src:url('https:\/\/designcenterguatemala.com\/centro-de-negocios-guatemala\/wp-content\/themes\/TheFox\/includes\/4k-icons\/icons\/4k-icons-pack02\/icons\/fonts\/fa.eot'); src:url('https:\/\/designcenterguatemala.com\/centro-de-negocios-guatemala\/wp-content\/themes\/TheFox\/includes\/4k-icons\/icons\/4k-icons-pack02\/icons\/fonts\/fa.eot?#iefix') format('embedded-opentype'), url('https:\/\/designcenterguatemala.com\/centro-de-negocios-guatemala\/wp-content\/themes\/TheFox\/includes\/4k-icons\/icons\/4k-icons-pack02\/icons\/fonts\/fa.woff') format('woff'), url('https:\/\/designcenterguatemala.com\/centro-de-negocios-guatemala\/wp-content\/themes\/TheFox\/includes\/4k-icons\/icons\/4k-icons-pack02\/icons\/fonts\/fa.ttf') format('truetype'), url('https:\/\/designcenterguatemala.com\/centro-de-negocios-guatemala\/wp-content\/themes\/TheFox\/includes\/4k-icons\/icons\/4k-icons-pack02\/icons\/fonts\/fa.svg#oi') format('svg'); font-weight: normal; font-style: normal;}#b_yje91cy1mnyc3cvb30lv .fa-file-text-o:before{font-family: 'fa'; font-weight: normal; font-style: normal;}#b_yje91cy1mnyc3cvb30lv .fa-file-text-o:before{content: \"\\f0f6\";}<\/style>\n[\/vc_column][vc_column][\/vc_column][\/vc_row]<\/p>\n","protected":false},"excerpt":{"rendered":"<p>[vc_row][vc_column][vc_custom_heading text=\u00bbCasas de Jengibre 2024&#8243; font_container=\u00bbtag:h1|font_size:28|text_align:center\u00bb google_fonts=\u00bbfont_family:Montserrat%3Aregular%2C700|font_style:700%20bold%20regular%3A700%3Anormal\u00bb][vc_column_text] Design Center Concurso navide\u00f1o de Casas de Jengibre 2024 [\/vc_column_text][vc_column_text] [\/vc_column_text][\/vc_column][\/vc_row][vc_row][vc_column width=\u00bb1\/2&#8243;][vc_column_text] Reglamento | Categor\u00eda ADULTOS: &nbsp; Categor\u00eda adultos: Todos los participantes podr\u00e1n inscribirse del 11 de noviembre hasta el 6 de diciembre en l\u00ednea utilizando el formato creado en la p\u00e1gina web www.designcenterguatemala.com.\u00a0 Si necesita m\u00e1s informaci\u00f3n<br \/><a href=\"https:\/\/designcenterguatemala.com\/centro-de-negocios-guatemala\/casas-de-jengibre-2024-categoria-adultos\/\" class=\"more\">Read more<\/a><\/p>\n","protected":false},"author":1,"featured_media":0,"parent":0,"menu_order":0,"comment_status":"closed","ping_status":"closed","template":"","meta":{"inline_featured_image":false},"_links":{"self":[{"href":"https:\/\/designcenterguatemala.com\/centro-de-negocios-guatemala\/wp-json\/wp\/v2\/pages\/9614"}],"collection":[{"href":"https:\/\/designcenterguatemala.com\/centro-de-negocios-guatemala\/wp-json\/wp\/v2\/pages"}],"about":[{"href":"https:\/\/designcenterguatemala.com\/centro-de-negocios-guatemala\/wp-json\/wp\/v2\/types\/page"}],"author":[{"embeddable":true,"href":"https:\/\/designcenterguatemala.com\/centro-de-negocios-guatemala\/wp-json\/wp\/v2\/users\/1"}],"replies":[{"embeddable":true,"href":"https:\/\/designcenterguatemala.com\/centro-de-negocios-guatemala\/wp-json\/wp\/v2\/comments?post=9614"}],"version-history":[{"count":8,"href":"https:\/\/designcenterguatemala.com\/centro-de-negocios-guatemala\/wp-json\/wp\/v2\/pages\/9614\/revisions"}],"predecessor-version":[{"id":9625,"href":"https:\/\/designcenterguatemala.com\/centro-de-negocios-guatemala\/wp-json\/wp\/v2\/pages\/9614\/revisions\/9625"}],"wp:attachment":[{"href":"https:\/\/designcenterguatemala.com\/centro-de-negocios-guatemala\/wp-json\/wp\/v2\/media?parent=9614"}],"curies":[{"name":"wp","href":"https:\/\/api.w.org\/{rel}","templated":true}]}}